{"id":1230,"date":"2025-07-25T14:58:33","date_gmt":"2025-07-25T12:58:33","guid":{"rendered":"https:\/\/poem-savonnerie.fr\/?page_id=1230"},"modified":"2025-09-03T17:58:57","modified_gmt":"2025-09-03T15:58:57","slug":"boutique","status":"publish","type":"page","link":"https:\/\/poem-savonnerie.fr\/index.php\/boutique\/","title":{"rendered":"Boutique"},"content":{"rendered":"\t\t<div data-elementor-type=\"wp-page\" data-elementor-id=\"1230\" class=\"elementor elementor-1230\">\n\t\t\t\t<div class=\"elementor-element elementor-element-a040a46 e-con-full e-flex e-con e-parent\" data-id=\"a040a46\" data-element_type=\"container\" data-e-type=\"container\" data-settings=\"{&quot;background_background&quot;:&quot;classic&quot;}\">\n\t\t\t\t<div class=\"elementor-element elementor-element-8c3da71 elementor-widget__width-inherit elementor-widget elementor-widget-heading\" data-id=\"8c3da71\" data-element_type=\"widget\" data-e-type=\"widget\" data-widget_type=\"heading.default\">\n\t\t\t\t<div class=\"elementor-widget-container\">\n\t\t\t\t\t<h2 class=\"elementor-heading-title elementor-size-default\">La boutique<\/h2>\t\t\t\t<\/div>\n\t\t\t\t<\/div>\n\t\t\t\t<\/div>\n\t\t<div class=\"elementor-element elementor-element-fa03ae3 e-flex e-con-boxed e-con e-parent\" data-id=\"fa03ae3\" data-element_type=\"container\" data-e-type=\"container\">\n\t\t\t\t\t<div class=\"e-con-inner\">\n\t\t\t\t<div class=\"elementor-element elementor-element-dd02381 elementor-widget elementor-widget-shortcode\" data-id=\"dd02381\" data-element_type=\"widget\" data-e-type=\"widget\" data-widget_type=\"shortcode.default\">\n\t\t\t\t<div class=\"elementor-widget-container\">\n\t\t\t\t\t\t\t<div class=\"elementor-shortcode\"><div class=\"woocommerce columns-3 product-grid\"><div class=\"woocommerce-notices-wrapper\"><\/div><div class=\"woocommerce-sorting-wrapper\"><div class=\"row\"><div class=\"col-md-6 col-6 botiga-sorting-left\"><div class=\"botiga-sorting-left-inner\"><p class=\"woocommerce-result-count\" role=\"alert\" aria-relevant=\"all\" >\n\t5\u00a0r\u00e9sultats affich\u00e9s<\/p>\n<\/div><\/div><div class=\"col-md-6 col-6 botiga-sorting-right\"><div class=\"botiga-sorting-right-inner\"><form class=\"woocommerce-ordering\" method=\"get\">\n\t\t<select\n\t\tname=\"orderby\"\n\t\tclass=\"orderby\"\n\t\t\t\t\taria-label=\"Commande\"\n\t\t\t>\n\t\t\t\t\t<option value=\"menu_order\"  selected='selected'>Tri par d\u00e9faut<\/option>\n\t\t\t\t\t<option value=\"popularity\" >Tri par popularit\u00e9<\/option>\n\t\t\t\t\t<option value=\"date\" >Tri du plus r\u00e9cent au plus ancien<\/option>\n\t\t\t\t\t<option value=\"price\" >Tri par tarif croissant<\/option>\n\t\t\t\t\t<option value=\"price-desc\" >Tri par tarif d\u00e9croissant<\/option>\n\t\t\t<\/select>\n\t<input type=\"hidden\" name=\"paged\" value=\"1\" \/>\n\t<\/form>\n<\/div><\/div><\/div><\/div><ul class=\"products columns-3\">\n<li class=\"product type-product post-2027 status-publish first instock product_cat-savon has-post-thumbnail shipping-taxable purchasable product-type-variable has-gallery-images\">\n\t<a href=\"https:\/\/poem-savonnerie.fr\/index.php\/produit\/savon-ocean\/\" class=\"woocommerce-LoopProduct-link woocommerce-loop-product__link\"><img fetchpriority=\"high\" decoding=\"async\" width=\"420\" height=\"420\" src=\"https:\/\/poem-savonnerie.fr\/wp-content\/uploads\/2025\/08\/ocena-420x420.jpg\" class=\"attachment-woocommerce_thumbnail size-woocommerce_thumbnail\" alt=\"Savon Oc\u00e9an\" srcset=\"https:\/\/poem-savonnerie.fr\/wp-content\/uploads\/2025\/08\/ocena-420x420.jpg 420w, https:\/\/poem-savonnerie.fr\/wp-content\/uploads\/2025\/08\/ocena-300x300.jpg 300w, https:\/\/poem-savonnerie.fr\/wp-content\/uploads\/2025\/08\/ocena-150x150.jpg 150w, https:\/\/poem-savonnerie.fr\/wp-content\/uploads\/2025\/08\/ocena-768x768.jpg 768w, https:\/\/poem-savonnerie.fr\/wp-content\/uploads\/2025\/08\/ocena-12x12.jpg 12w, https:\/\/poem-savonnerie.fr\/wp-content\/uploads\/2025\/08\/ocena-575x575.jpg 575w, https:\/\/poem-savonnerie.fr\/wp-content\/uploads\/2025\/08\/ocena-380x380.jpg 380w, https:\/\/poem-savonnerie.fr\/wp-content\/uploads\/2025\/08\/ocena-100x100.jpg 100w, https:\/\/poem-savonnerie.fr\/wp-content\/uploads\/2025\/08\/ocena.jpg 800w\" sizes=\"(max-width: 420px) 100vw, 420px\" \/><h2 class=\"woocommerce-loop-product__title\">Savon Oc\u00e9an<\/h2>\n\t<span class=\"price\"><span class=\"woocommerce-Price-amount amount\" aria-hidden=\"true\"><bdi>8,00&nbsp;<span class=\"woocommerce-Price-currencySymbol\">&euro;<\/span><\/bdi><\/span> <span aria-hidden=\"true\">\u00a0\u2013\u00a0<\/span> <span class=\"woocommerce-Price-amount amount\" aria-hidden=\"true\"><bdi>8,50&nbsp;<span class=\"woocommerce-Price-currencySymbol\">&euro;<\/span><\/bdi><\/span><span class=\"screen-reader-text\">Plage de prix\u00a0: 8,00&nbsp;&euro; \u00e0 8,50&nbsp;&euro;<\/span><\/span>\n<\/a><a title=\"S\u00e9lectionner les options pour &ldquo;Savon Oc\u00e9an&rdquo;\" href=\"https:\/\/poem-savonnerie.fr\/index.php\/produit\/savon-ocean\/\" aria-describedby=\"woocommerce_loop_add_to_cart_link_describedby_2027\" data-quantity=\"1\" class=\"button product_type_variable add_to_cart_button\" data-product_id=\"2027\" data-product_sku=\"\" aria-label=\"S\u00e9lectionner les options pour &ldquo;Savon Oc\u00e9an&rdquo;\" rel=\"nofollow\">Choix des options<\/a>\t<span id=\"woocommerce_loop_add_to_cart_link_describedby_2027\" class=\"screen-reader-text\">\n\t\tCe produit a plusieurs variations. Les options peuvent \u00eatre choisies sur la page du produit\t<\/span>\n<\/li>\n<li class=\"product type-product post-2021 status-publish instock product_cat-savon has-post-thumbnail shipping-taxable purchasable product-type-variable has-gallery-images\">\n\t<a href=\"https:\/\/poem-savonnerie.fr\/index.php\/produit\/savon-foret\/\" class=\"woocommerce-LoopProduct-link woocommerce-loop-product__link\"><img decoding=\"async\" width=\"420\" height=\"420\" src=\"https:\/\/poem-savonnerie.fr\/wp-content\/uploads\/2025\/08\/foret1-420x420.jpg\" class=\"attachment-woocommerce_thumbnail size-woocommerce_thumbnail\" alt=\"Savon For\u00eat\" srcset=\"https:\/\/poem-savonnerie.fr\/wp-content\/uploads\/2025\/08\/foret1-420x420.jpg 420w, https:\/\/poem-savonnerie.fr\/wp-content\/uploads\/2025\/08\/foret1-300x300.jpg 300w, https:\/\/poem-savonnerie.fr\/wp-content\/uploads\/2025\/08\/foret1-150x150.jpg 150w, https:\/\/poem-savonnerie.fr\/wp-content\/uploads\/2025\/08\/foret1-768x768.jpg 768w, https:\/\/poem-savonnerie.fr\/wp-content\/uploads\/2025\/08\/foret1-12x12.jpg 12w, https:\/\/poem-savonnerie.fr\/wp-content\/uploads\/2025\/08\/foret1-575x575.jpg 575w, https:\/\/poem-savonnerie.fr\/wp-content\/uploads\/2025\/08\/foret1-380x380.jpg 380w, https:\/\/poem-savonnerie.fr\/wp-content\/uploads\/2025\/08\/foret1-100x100.jpg 100w, https:\/\/poem-savonnerie.fr\/wp-content\/uploads\/2025\/08\/foret1.jpg 800w\" sizes=\"(max-width: 420px) 100vw, 420px\" \/><h2 class=\"woocommerce-loop-product__title\">Savon For\u00eat<\/h2>\n\t<span class=\"price\"><span class=\"woocommerce-Price-amount amount\" aria-hidden=\"true\"><bdi>8,00&nbsp;<span class=\"woocommerce-Price-currencySymbol\">&euro;<\/span><\/bdi><\/span> <span aria-hidden=\"true\">\u00a0\u2013\u00a0<\/span> <span class=\"woocommerce-Price-amount amount\" aria-hidden=\"true\"><bdi>8,50&nbsp;<span class=\"woocommerce-Price-currencySymbol\">&euro;<\/span><\/bdi><\/span><span class=\"screen-reader-text\">Plage de prix\u00a0: 8,00&nbsp;&euro; \u00e0 8,50&nbsp;&euro;<\/span><\/span>\n<\/a><a title=\"S\u00e9lectionner les options pour &ldquo;Savon For\u00eat&rdquo;\" href=\"https:\/\/poem-savonnerie.fr\/index.php\/produit\/savon-foret\/\" aria-describedby=\"woocommerce_loop_add_to_cart_link_describedby_2021\" data-quantity=\"1\" class=\"button product_type_variable add_to_cart_button\" data-product_id=\"2021\" data-product_sku=\"\" aria-label=\"S\u00e9lectionner les options pour &ldquo;Savon For\u00eat&rdquo;\" rel=\"nofollow\">Choix des options<\/a>\t<span id=\"woocommerce_loop_add_to_cart_link_describedby_2021\" class=\"screen-reader-text\">\n\t\tCe produit a plusieurs variations. Les options peuvent \u00eatre choisies sur la page du produit\t<\/span>\n<\/li>\n<li class=\"product type-product post-2013 status-publish last instock product_cat-savon has-post-thumbnail shipping-taxable purchasable product-type-variable has-gallery-images\">\n\t<a href=\"https:\/\/poem-savonnerie.fr\/index.php\/produit\/savon-avoine\/\" class=\"woocommerce-LoopProduct-link woocommerce-loop-product__link\"><img decoding=\"async\" width=\"420\" height=\"420\" src=\"https:\/\/poem-savonnerie.fr\/wp-content\/uploads\/2021\/07\/Avoine2-420x420.jpg\" class=\"attachment-woocommerce_thumbnail size-woocommerce_thumbnail\" alt=\"Savon Avoine\" srcset=\"https:\/\/poem-savonnerie.fr\/wp-content\/uploads\/2021\/07\/Avoine2-420x420.jpg 420w, https:\/\/poem-savonnerie.fr\/wp-content\/uploads\/2021\/07\/Avoine2-300x300.jpg 300w, https:\/\/poem-savonnerie.fr\/wp-content\/uploads\/2021\/07\/Avoine2-1024x1024.jpg 1024w, https:\/\/poem-savonnerie.fr\/wp-content\/uploads\/2021\/07\/Avoine2-150x150.jpg 150w, https:\/\/poem-savonnerie.fr\/wp-content\/uploads\/2021\/07\/Avoine2-768x768.jpg 768w, https:\/\/poem-savonnerie.fr\/wp-content\/uploads\/2021\/07\/Avoine2-1536x1536.jpg 1536w, https:\/\/poem-savonnerie.fr\/wp-content\/uploads\/2021\/07\/Avoine2-1140x1140.jpg 1140w, https:\/\/poem-savonnerie.fr\/wp-content\/uploads\/2021\/07\/Avoine2-920x920.jpg 920w, https:\/\/poem-savonnerie.fr\/wp-content\/uploads\/2021\/07\/Avoine2-575x575.jpg 575w, https:\/\/poem-savonnerie.fr\/wp-content\/uploads\/2021\/07\/Avoine2-380x380.jpg 380w, https:\/\/poem-savonnerie.fr\/wp-content\/uploads\/2021\/07\/Avoine2-800x800.jpg 800w, https:\/\/poem-savonnerie.fr\/wp-content\/uploads\/2021\/07\/Avoine2-100x100.jpg 100w, https:\/\/poem-savonnerie.fr\/wp-content\/uploads\/2021\/07\/Avoine2-80x80.jpg 80w, https:\/\/poem-savonnerie.fr\/wp-content\/uploads\/2021\/07\/Avoine2.jpg 1830w\" sizes=\"(max-width: 420px) 100vw, 420px\" \/><h2 class=\"woocommerce-loop-product__title\">Savon Avoine<\/h2>\n\t<span class=\"price\"><span class=\"woocommerce-Price-amount amount\" aria-hidden=\"true\"><bdi>6,50&nbsp;<span class=\"woocommerce-Price-currencySymbol\">&euro;<\/span><\/bdi><\/span> <span aria-hidden=\"true\">\u00a0\u2013\u00a0<\/span> <span class=\"woocommerce-Price-amount amount\" aria-hidden=\"true\"><bdi>7,00&nbsp;<span class=\"woocommerce-Price-currencySymbol\">&euro;<\/span><\/bdi><\/span><span class=\"screen-reader-text\">Plage de prix\u00a0: 6,50&nbsp;&euro; \u00e0 7,00&nbsp;&euro;<\/span><\/span>\n<\/a><a title=\"S\u00e9lectionner les options pour &ldquo;Savon Avoine&rdquo;\" href=\"https:\/\/poem-savonnerie.fr\/index.php\/produit\/savon-avoine\/\" aria-describedby=\"woocommerce_loop_add_to_cart_link_describedby_2013\" data-quantity=\"1\" class=\"button product_type_variable add_to_cart_button\" data-product_id=\"2013\" data-product_sku=\"\" aria-label=\"S\u00e9lectionner les options pour &ldquo;Savon Avoine&rdquo;\" rel=\"nofollow\">Choix des options<\/a>\t<span id=\"woocommerce_loop_add_to_cart_link_describedby_2013\" class=\"screen-reader-text\">\n\t\tCe produit a plusieurs variations. Les options peuvent \u00eatre choisies sur la page du produit\t<\/span>\n<\/li>\n<li class=\"product type-product post-2119 status-publish first instock product_cat-savon has-post-thumbnail shipping-taxable purchasable product-type-simple has-manage-stock has-gallery-images\">\n\t<a href=\"https:\/\/poem-savonnerie.fr\/index.php\/produit\/coffrets2026\/\" class=\"woocommerce-LoopProduct-link woocommerce-loop-product__link\"><img loading=\"lazy\" decoding=\"async\" width=\"420\" height=\"420\" src=\"https:\/\/poem-savonnerie.fr\/wp-content\/uploads\/2026\/01\/Coffret2026-420x420.png\" class=\"attachment-woocommerce_thumbnail size-woocommerce_thumbnail\" alt=\"Coffret 3 petits savons\" srcset=\"https:\/\/poem-savonnerie.fr\/wp-content\/uploads\/2026\/01\/Coffret2026-420x420.png 420w, https:\/\/poem-savonnerie.fr\/wp-content\/uploads\/2026\/01\/Coffret2026-300x300.png 300w, https:\/\/poem-savonnerie.fr\/wp-content\/uploads\/2026\/01\/Coffret2026-150x150.png 150w, https:\/\/poem-savonnerie.fr\/wp-content\/uploads\/2026\/01\/Coffret2026-768x768.png 768w, https:\/\/poem-savonnerie.fr\/wp-content\/uploads\/2026\/01\/Coffret2026-12x12.png 12w, https:\/\/poem-savonnerie.fr\/wp-content\/uploads\/2026\/01\/Coffret2026-575x575.png 575w, https:\/\/poem-savonnerie.fr\/wp-content\/uploads\/2026\/01\/Coffret2026-380x380.png 380w, https:\/\/poem-savonnerie.fr\/wp-content\/uploads\/2026\/01\/Coffret2026-800x800.png 800w, https:\/\/poem-savonnerie.fr\/wp-content\/uploads\/2026\/01\/Coffret2026-100x100.png 100w, https:\/\/poem-savonnerie.fr\/wp-content\/uploads\/2026\/01\/Coffret2026.png 900w\" sizes=\"(max-width: 420px) 100vw, 420px\" \/><h2 class=\"woocommerce-loop-product__title\">Coffret 3 petits savons<\/h2>\n\t<span class=\"price\"><span class=\"woocommerce-Price-amount amount\"><bdi>8,80&nbsp;<span class=\"woocommerce-Price-currencySymbol\">&euro;<\/span><\/bdi><\/span><\/span>\n<\/a><a title=\"Ajouter au panier\u00a0: &ldquo;Coffret 3 petits savons&rdquo;\" href=\"\/index.php\/wp-json\/wp\/v2\/pages\/1230?add-to-cart=2119\" aria-describedby=\"woocommerce_loop_add_to_cart_link_describedby_2119\" data-quantity=\"1\" class=\"button product_type_simple add_to_cart_button ajax_add_to_cart\" data-product_id=\"2119\" data-product_sku=\"\" aria-label=\"Ajouter au panier\u00a0: &ldquo;Coffret 3 petits savons&rdquo;\" rel=\"nofollow\" data-success_message=\"\u00ab\u00a0Coffret 3 petits savons\u00a0\u00bb a \u00e9t\u00e9 ajout\u00e9 \u00e0 votre panier\" role=\"button\">Ajouter au panier<\/a>\t<span id=\"woocommerce_loop_add_to_cart_link_describedby_2119\" class=\"screen-reader-text\">\n\t\t\t<\/span>\n<\/li>\n<li class=\"product type-product post-93 status-publish instock product_cat-accessoire has-post-thumbnail shipping-taxable purchasable product-type-simple has-manage-stock has-gallery-images\">\n\t<a href=\"https:\/\/poem-savonnerie.fr\/index.php\/produit\/porte_savon\/\" class=\"woocommerce-LoopProduct-link woocommerce-loop-product__link\"><img loading=\"lazy\" decoding=\"async\" width=\"420\" height=\"420\" src=\"https:\/\/poem-savonnerie.fr\/wp-content\/uploads\/2021\/07\/PorteSavon2-420x420.jpeg\" class=\"attachment-woocommerce_thumbnail size-woocommerce_thumbnail\" alt=\"Porte-savon magn\u00e9tique\" srcset=\"https:\/\/poem-savonnerie.fr\/wp-content\/uploads\/2021\/07\/PorteSavon2-420x420.jpeg 420w, https:\/\/poem-savonnerie.fr\/wp-content\/uploads\/2021\/07\/PorteSavon2-300x300.jpeg 300w, https:\/\/poem-savonnerie.fr\/wp-content\/uploads\/2021\/07\/PorteSavon2-150x150.jpeg 150w, https:\/\/poem-savonnerie.fr\/wp-content\/uploads\/2021\/07\/PorteSavon2-12x12.jpeg 12w, https:\/\/poem-savonnerie.fr\/wp-content\/uploads\/2021\/07\/PorteSavon2-100x100.jpeg 100w\" sizes=\"(max-width: 420px) 100vw, 420px\" \/><h2 class=\"woocommerce-loop-product__title\">Porte-savon magn\u00e9tique<\/h2>\n\t<span class=\"price\"><span class=\"woocommerce-Price-amount amount\"><bdi>5,00&nbsp;<span class=\"woocommerce-Price-currencySymbol\">&euro;<\/span><\/bdi><\/span><\/span>\n<\/a><a title=\"Ajouter au panier\u00a0: &ldquo;Porte-savon magn\u00e9tique&rdquo;\" href=\"\/index.php\/wp-json\/wp\/v2\/pages\/1230?add-to-cart=93\" aria-describedby=\"woocommerce_loop_add_to_cart_link_describedby_93\" data-quantity=\"1\" class=\"button product_type_simple add_to_cart_button ajax_add_to_cart\" data-product_id=\"93\" data-product_sku=\"\" aria-label=\"Ajouter au panier\u00a0: &ldquo;Porte-savon magn\u00e9tique&rdquo;\" rel=\"nofollow\" data-success_message=\"\u00ab\u00a0Porte-savon magn\u00e9tique\u00a0\u00bb a \u00e9t\u00e9 ajout\u00e9 \u00e0 votre panier\" role=\"button\">Ajouter au panier<\/a>\t<span id=\"woocommerce_loop_add_to_cart_link_describedby_93\" class=\"screen-reader-text\">\n\t\t\t<\/span>\n<\/li>\n<\/ul>\n<\/div><\/div>\n\t\t\t\t\t\t<\/div>\n\t\t\t\t<\/div>\n\t\t\t\t\t<\/div>\n\t\t\t\t<\/div>\n\t\t\t\t<\/div>\n\t\t","protected":false},"excerpt":{"rendered":"<p>La boutique<\/p>\n","protected":false},"author":2,"featured_media":0,"parent":0,"menu_order":0,"comment_status":"closed","ping_status":"closed","template":"","meta":{"footnotes":""},"class_list":["post-1230","page","type-page","status-publish","hentry"],"jetpack_sharing_enabled":true,"_links":{"self":[{"href":"https:\/\/poem-savonnerie.fr\/index.php\/wp-json\/wp\/v2\/pages\/1230","targetHints":{"allow":["GET"]}}],"collection":[{"href":"https:\/\/poem-savonnerie.fr\/index.php\/wp-json\/wp\/v2\/pages"}],"about":[{"href":"https:\/\/poem-savonnerie.fr\/index.php\/wp-json\/wp\/v2\/types\/page"}],"author":[{"embeddable":true,"href":"https:\/\/poem-savonnerie.fr\/index.php\/wp-json\/wp\/v2\/users\/2"}],"replies":[{"embeddable":true,"href":"https:\/\/poem-savonnerie.fr\/index.php\/wp-json\/wp\/v2\/comments?post=1230"}],"version-history":[{"count":24,"href":"https:\/\/poem-savonnerie.fr\/index.php\/wp-json\/wp\/v2\/pages\/1230\/revisions"}],"predecessor-version":[{"id":1716,"href":"https:\/\/poem-savonnerie.fr\/index.php\/wp-json\/wp\/v2\/pages\/1230\/revisions\/1716"}],"wp:attachment":[{"href":"https:\/\/poem-savonnerie.fr\/index.php\/wp-json\/wp\/v2\/media?parent=1230"}],"curies":[{"name":"wp","href":"https:\/\/api.w.org\/{rel}","templated":true}]}}