{"id":3,"date":"2025-03-23T19:00:21","date_gmt":"2025-03-23T18:00:21","guid":{"rendered":"http:\/\/poem-savonnerie.fr\/?page_id=3"},"modified":"2025-08-10T14:28:48","modified_gmt":"2025-08-10T12:28:48","slug":"politique-de-confidentialite","status":"publish","type":"page","link":"https:\/\/poem-savonnerie.fr\/index.php\/politique-de-confidentialite\/","title":{"rendered":"Mentions L\u00e9gales"},"content":{"rendered":"\t\t<div data-elementor-type=\"wp-page\" data-elementor-id=\"3\" class=\"elementor elementor-3\">\n\t\t\t\t<div class=\"elementor-element elementor-element-2d3ab1a e-flex e-con-boxed e-con e-parent\" data-id=\"2d3ab1a\" data-element_type=\"container\" data-e-type=\"container\">\n\t\t\t\t\t<div class=\"e-con-inner\">\n\t\t\t\t<div class=\"elementor-element elementor-element-b99c627 elementor-widget elementor-widget-heading\" data-id=\"b99c627\" data-element_type=\"widget\" data-e-type=\"widget\" data-widget_type=\"heading.default\">\n\t\t\t\t<div class=\"elementor-widget-container\">\n\t\t\t\t\t<h2 class=\"elementor-heading-title elementor-size-default\">Mentions l\u00e9gales et Politique de confidentialit\u00e9 <\/h2>\t\t\t\t<\/div>\n\t\t\t\t<\/div>\n\t\t\t\t\t<\/div>\n\t\t\t\t<\/div>\n\t\t<div class=\"elementor-element elementor-element-32e9a31e e-flex e-con-boxed e-con e-parent\" data-id=\"32e9a31e\" data-element_type=\"container\" data-e-type=\"container\">\n\t\t\t\t\t<div class=\"e-con-inner\">\n\t\t\t\t<div class=\"elementor-element elementor-element-36c26f28 elementor-widget elementor-widget-text-editor\" data-id=\"36c26f28\" data-element_type=\"widget\" data-e-type=\"widget\" data-widget_type=\"text-editor.default\">\n\t\t\t\t<div class=\"elementor-widget-container\">\n\t\t\t\t\t\t\t\t\t<section><h2>1. Mentions l\u00e9gales<\/h2><p><strong>Nom du site :<\/strong> Po\u00ebm Savonnerie<\/p><p><strong>\u00c9diteur :<\/strong> Rapha\u00eblle KUOCH<\/p><p><strong>Statut :<\/strong> Micro-entreprise immatricul\u00e9e au Registre National des Entreprises (RNE)<\/p><p><strong>Num\u00e9ro SIREN :<\/strong> 940 361 777<\/p><p><strong>Adresse :<\/strong> 70T, petite voie de Noiseau, 94370 Sucy-en-Brie<\/p><p><strong>Email :<\/strong> <a href=\"mailto:email@exemple.com\">contact (at) poem-savonnerie.fr<\/a><\/p><p><strong>Responsable de la publication :<\/strong> Rapha\u00eblle KUOCH<\/p><p><strong>H\u00e9bergement :<\/strong><br \/>OVH \u2013 2 rue Kellermann \u2013 59100 Roubaix \u2013 France<\/p><p><a href=\"http:\/\/www.ovh.com\">www.ovh.com<\/a><\/p><h2>2. Politique de confidentialit\u00e9 (RGPD)<\/h2><h3>2.1 Donn\u00e9es collect\u00e9es<\/h3><p>Nous collectons certaines donn\u00e9es personnelles lorsque vous :<\/p><ul><li>Passez commande (nom, pr\u00e9nom, adresse, e-mail, t\u00e9l\u00e9phone)<\/li><li>Remplissez un formulaire de contact<\/li><li>Utilisez notre site (via des cookies)<\/li><\/ul><h3>2.2 Finalit\u00e9s<\/h3><p>Les donn\u00e9es sont utilis\u00e9es pour :<\/p><ul><li>G\u00e9rer les commandes et livraisons<\/li><li>R\u00e9pondre \u00e0 vos demandes<\/li><li>Analyser la fr\u00e9quentation du site<\/li><\/ul><h3>2.3 Base l\u00e9gale<\/h3><ul><li>Ex\u00e9cution d\u2019un contrat (commande)<\/li><li>Consentement (newsletter, cookies)<\/li><li>Obligation l\u00e9gale (facturation)<\/li><\/ul><h3>2.4 Dur\u00e9e de conservation<\/h3><ul><li>Donn\u00e9es client : 6 ans (facturation)<\/li><li>Donn\u00e9es contact : 12 mois<\/li><li>Cookies : jusqu\u2019\u00e0 13 mois<\/li><\/ul><h3>2.5 Vos droits<\/h3><p>Conform\u00e9ment \u00e0 la r\u00e9glementation en vigueur, vous disposez des droits suivants :<\/p><ul><li>Droit d\u2019acc\u00e8s, de rectification, de suppression<\/li><li>Droit de limitation ou d\u2019opposition au traitement<\/li><li>Droit de retirer votre consentement \u00e0 tout moment<\/li><li>Droit d\u2019introduire une r\u00e9clamation aupr\u00e8s de la CNIL : <a href=\"https:\/\/www.cnil.fr\" target=\"_blank\" rel=\"noopener\">www.cnil.fr<\/a><\/li><\/ul><p>Pour exercer vos droits, contactez-nous \u00e0 : contact (at) poem-savonnerie.fr<\/p><h2>3. Contact<\/h2><p>Pour toute question, vous pouvez nous contacter \u00e0 :<\/p><ul><li><strong>Email :<\/strong> <a href=\"mailto:email@exemple.com\">contact (at) poem-savonnerie.fr<\/a><\/li><li><strong>Adresse : <\/strong>70T, petite voie de Noiseau, 94370 Sucy-en-Brie<\/li><\/ul><h2>4. Propri\u00e9t\u00e9 intellectuelle<\/h2><p>L\u2019ensemble des contenus pr\u00e9sents sur le site Po\u00ebm Savonnerie \u2014 incluant, de fa\u00e7on non limitative, les textes, images, photographies, graphismes, logo, ic\u00f4nes, vid\u00e9os, sons, nom de domaine \u2014 est la propri\u00e9t\u00e9 exclusive de l&rsquo;entreprise, sauf mention contraire explicite.<\/p><p>Toute reproduction, repr\u00e9sentation, modification, publication, transmission ou adaptation de tout ou partie des \u00e9l\u00e9ments du site, par quelque moyen que ce soit, est interdite sans autorisation \u00e9crite pr\u00e9alable.<\/p><p>L&rsquo;utilisation non autoris\u00e9e du site ou de l\u2019un quelconque des \u00e9l\u00e9ments qu\u2019il contient pourra \u00eatre poursuivie conform\u00e9ment aux articles L.335-2 et suivants du Code de la propri\u00e9t\u00e9 intellectuelle.<\/p><p>Certains visuels peuvent provenir de banques d\u2019images libres de droits et sont utilis\u00e9s conform\u00e9ment \u00e0 leurs licences.<\/p><p>\u00a0<\/p><p><em>Derni\u00e8re mise \u00e0 jour : 10 ao\u00fbt 2025<\/em><\/p><\/section>\t\t\t\t\t\t\t\t<\/div>\n\t\t\t\t<\/div>\n\t\t\t\t\t<\/div>\n\t\t\t\t<\/div>\n\t\t\t\t<\/div>\n\t\t","protected":false},"excerpt":{"rendered":"<p>Mentions l\u00e9gales et Politique de confidentialit\u00e9 1. Mentions l\u00e9gales Nom du site : Po\u00ebm Savonnerie \u00c9diteur : Rapha\u00eblle KUOCH Statut : Micro-entreprise immatricul\u00e9e au Registre National des Entreprises (RNE) Num\u00e9ro [&hellip;]<\/p>\n","protected":false},"author":1,"featured_media":0,"parent":0,"menu_order":5,"comment_status":"closed","ping_status":"open","template":"","meta":{"footnotes":""},"class_list":["post-3","page","type-page","status-publish","hentry"],"jetpack_sharing_enabled":true,"_links":{"self":[{"href":"https:\/\/poem-savonnerie.fr\/index.php\/wp-json\/wp\/v2\/pages\/3","targetHints":{"allow":["GET"]}}],"collection":[{"href":"https:\/\/poem-savonnerie.fr\/index.php\/wp-json\/wp\/v2\/pages"}],"about":[{"href":"https:\/\/poem-savonnerie.fr\/index.php\/wp-json\/wp\/v2\/types\/page"}],"author":[{"embeddable":true,"href":"https:\/\/poem-savonnerie.fr\/index.php\/wp-json\/wp\/v2\/users\/1"}],"replies":[{"embeddable":true,"href":"https:\/\/poem-savonnerie.fr\/index.php\/wp-json\/wp\/v2\/comments?post=3"}],"version-history":[{"count":48,"href":"https:\/\/poem-savonnerie.fr\/index.php\/wp-json\/wp\/v2\/pages\/3\/revisions"}],"predecessor-version":[{"id":1475,"href":"https:\/\/poem-savonnerie.fr\/index.php\/wp-json\/wp\/v2\/pages\/3\/revisions\/1475"}],"wp:attachment":[{"href":"https:\/\/poem-savonnerie.fr\/index.php\/wp-json\/wp\/v2\/media?parent=3"}],"curies":[{"name":"wp","href":"https:\/\/api.w.org\/{rel}","templated":true}]}}