{"id":2013,"date":"2025-11-19T20:54:25","date_gmt":"2025-11-19T19:54:25","guid":{"rendered":"https:\/\/poem-savonnerie.fr\/?post_type=product&#038;p=2013"},"modified":"2026-03-31T16:35:57","modified_gmt":"2026-03-31T14:35:57","slug":"savon-avoine","status":"publish","type":"product","link":"https:\/\/poem-savonnerie.fr\/index.php\/produit\/savon-avoine\/","title":{"rendered":"Savon Avoine"},"content":{"rendered":"<h2>Savon Avoine &#8211; Sans parfum<\/h2>\n<h3><b>Savon artisanal surgras \u00e0 la poudre d&rsquo;avoine<\/b><\/h3>\n<p><b>Description<\/b><\/p>\n<p data-start=\"2408\" data-end=\"2621\">Savon saponifi\u00e9 \u00e0 froid, enrichi en poudre d\u2019avoine finement moulue. Sa mousse douce nettoie d\u00e9licatement la peau. Sans parfum ajout\u00e9, il convient aux adultes, enfants et b\u00e9b\u00e9s d\u00e8s la naissance, ainsi qu\u2019aux femmes enceintes et allaitantes.<\/p>\n<p><b>Conseils &amp; Conservation<\/b><\/p>\n<ul>\n<li>Avant usage : conserver \u00e0 l&rsquo;abri de la lumi\u00e8re et de l&rsquo;humidit\u00e9.<\/li>\n<li>Apr\u00e8s usage : faire s\u00e9cher sur un porte-savon adapt\u00e9<\/li>\n<li>Eviter de laisser le savon dans l&rsquo;eau stagnante<\/li>\n<\/ul>\n<p><b>Pr\u00e9cautions d&#8217;emploi<\/b><\/p>\n<ul>\n<li>Utiliser pour vous laver le corps. Usage externe uniquement<\/li>\n<li>Ne pas avaler<\/li>\n<li>En cas d\u2019irritation, suspendre l\u2019utilisation<\/li>\n<li>\u00c9viter le contact avec les yeux<\/li>\n<li>Tenir hors de la port\u00e9e des enfants<\/li>\n<\/ul>\n<p><b>Instructions<\/b><\/p>\n<p>Faire mousser sur peau humide puis rincer \u00e0 l\u2019eau claire. Convient pour un usage quotidien.<\/p>\n<p><b>Fabrication artisanale<\/b><\/p>\n<p>Chaque savon est fabriqu\u00e9 \u00e0 la main. Les formes, les marbrures et couleurs peuvent varier l\u00e9g\u00e8rement d&rsquo;un lot \u00e0 l&rsquo;autre.<\/p>\n<h3><strong>INGREDIENTS<\/strong><\/h3>\n<p><b>Composition avant saponification <\/b>:<\/p>\n<ul>\n<li>Eau<\/li>\n<li>Huile de coco bio<\/li>\n<li>Huile d\u2019olive bio<\/li>\n<li>Huile de colza bio<\/li>\n<li>Beurre de karit\u00e9 bio<\/li>\n<li>Huile de ricin bio<\/li>\n<li>Poudre d&rsquo;avoine<\/li>\n<li>Hydroxyde de sodium (enti\u00e8rement transform\u00e9 lors de la r\u00e9action de saponification)<\/li>\n<li>Tocopherol (antioxydant d&rsquo;origine naturelle)<\/li>\n<\/ul>\n<p><b>INCI<\/b>\u00a0: AQUA, SODIUM COCOATE, SODIUM OLIVATE, SODIUM SHEA BUTTERATE, SODIUM RAPESEEDATE, GLYCERIN, SODIUM CASTORATE, AVENA SATIVA KERNEL FLOUR, TOCOPHEROL, HELIANTHUS ANNUUS SEED OIL<\/p>\n<p><b>Formats et emballage<\/b><\/p>\n<ul>\n<li><strong>Formats<\/strong> : Grand format (~100 g) \/ Petit format (~35 g)<\/li>\n<li><strong>Avec emballage<\/strong> : \u00e9tui carton recyclable<\/li>\n<\/ul>\n","protected":false},"excerpt":{"rendered":"<p style=\"font-weight: 400;\">Savon doux saponifi\u00e9 \u00e0 froid, enrichi en poudre d\u2019avoine. Sans parfum ajout\u00e9, il convient aux adultes, enfants et b\u00e9b\u00e9s d\u00e8s la naissance, ainsi qu&rsquo;aux femmes enceintes et allaitantes.<\/p>\n","protected":false},"featured_media":1318,"template":"","meta":[],"product_brand":[],"product_cat":[20],"product_tag":[],"class_list":{"0":"post-2013","1":"product","2":"type-product","3":"status-publish","4":"has-post-thumbnail","6":"product_cat-savon","7":"product_shipping_class-one","9":"first","10":"instock","11":"shipping-taxable","12":"purchasable","13":"product-type-variable"},"jetpack_sharing_enabled":true,"_links":{"self":[{"href":"https:\/\/poem-savonnerie.fr\/index.php\/wp-json\/wp\/v2\/product\/2013","targetHints":{"allow":["GET"]}}],"collection":[{"href":"https:\/\/poem-savonnerie.fr\/index.php\/wp-json\/wp\/v2\/product"}],"about":[{"href":"https:\/\/poem-savonnerie.fr\/index.php\/wp-json\/wp\/v2\/types\/product"}],"version-history":[{"count":5,"href":"https:\/\/poem-savonnerie.fr\/index.php\/wp-json\/wp\/v2\/product\/2013\/revisions"}],"predecessor-version":[{"id":2162,"href":"https:\/\/poem-savonnerie.fr\/index.php\/wp-json\/wp\/v2\/product\/2013\/revisions\/2162"}],"wp:featuredmedia":[{"embeddable":true,"href":"https:\/\/poem-savonnerie.fr\/index.php\/wp-json\/wp\/v2\/media\/1318"}],"wp:attachment":[{"href":"https:\/\/poem-savonnerie.fr\/index.php\/wp-json\/wp\/v2\/media?parent=2013"}],"wp:term":[{"taxonomy":"product_brand","embeddable":true,"href":"https:\/\/poem-savonnerie.fr\/index.php\/wp-json\/wp\/v2\/product_brand?post=2013"},{"taxonomy":"product_cat","embeddable":true,"href":"https:\/\/poem-savonnerie.fr\/index.php\/wp-json\/wp\/v2\/product_cat?post=2013"},{"taxonomy":"product_tag","embeddable":true,"href":"https:\/\/poem-savonnerie.fr\/index.php\/wp-json\/wp\/v2\/product_tag?post=2013"}],"curies":[{"name":"wp","href":"https:\/\/api.w.org\/{rel}","templated":true}]}}