{"id":2021,"date":"2025-11-19T20:58:24","date_gmt":"2025-11-19T19:58:24","guid":{"rendered":"https:\/\/poem-savonnerie.fr\/?post_type=product&#038;p=2021"},"modified":"2026-04-12T21:38:38","modified_gmt":"2026-04-12T19:38:38","slug":"savon-foret","status":"publish","type":"product","link":"https:\/\/poem-savonnerie.fr\/index.php\/produit\/savon-foret\/","title":{"rendered":"Savon For\u00eat"},"content":{"rendered":"<h2>Savon For\u00eat &#8211; Argile verte et charbon<\/h2>\n<h3><b>Savon artisanal surgras aux huiles essentielles<\/b><\/h3>\n<p><b>Description<\/b><\/p>\n<p>Savon saponifi\u00e9 \u00e0 froid enrichi en argile verte et en charbon v\u00e9g\u00e9tal activ\u00e9. Ces ingr\u00e9dients sont incorpor\u00e9s pour apporter une texture agr\u00e9able et une couleur naturelle. Le parfum frais, aux notes bois\u00e9es et citronn\u00e9es, est obtenu gr\u00e2ce aux huiles essentielles de pin sylvestre et de lits\u00e9e citronn\u00e9e (aussi appel\u00e9e verveine exotique). Sa mousse l\u00e9g\u00e8re offre un nettoyage en douceur au quotidien.<\/p>\n<p>Convient aux peaux mixtes \u00e0 grasses ou aux personnes recherchant un savon rafraichissant apr\u00e8s le sport.<\/p>\n<p><b>Conseils &amp; Conservation<\/b><\/p>\n<ul>\n<li>Avant usage : conserver \u00e0 l&rsquo;abri de la lumi\u00e8re et de l&rsquo;humidit\u00e9.<\/li>\n<li>Apr\u00e8s usage : faire s\u00e9cher sur un porte-savon adapt\u00e9<\/li>\n<li>Eviter de laisser le savon dans l&rsquo;eau stagnante<\/li>\n<\/ul>\n<p><b>Pr\u00e9cautions d&#8217;emploi<\/b><\/p>\n<ul>\n<li>Utiliser pour vous laver le corps. Usage externe uniquement<\/li>\n<li>Ne pas avaler<\/li>\n<li>En cas d\u2019irritation, suspendre l\u2019utilisation<\/li>\n<li>\u00c9viter le contact avec les yeux<\/li>\n<li>Tenir hors de la port\u00e9e des enfants<\/li>\n<\/ul>\n<p><b>Instructions<\/b><\/p>\n<p>Faire mousser sur peau humide puis rincer \u00e0 l\u2019eau claire. Convient pour un usage quotidien.<\/p>\n<p><b>Fabrication artisanale<\/b><\/p>\n<p>Chaque savon est fabriqu\u00e9 \u00e0 la main. Les formes, les marbrures et couleurs peuvent varier l\u00e9g\u00e8rement d&rsquo;un lot \u00e0 l&rsquo;autre.<\/p>\n<h3><strong>INGREDIENTS<\/strong><\/h3>\n<p><b>Composition avant saponification <\/b>:<\/p>\n<ul>\n<li>Huile de coco bio<\/li>\n<li>Huile d\u2019olive bio<\/li>\n<li>Huile de colza bio<\/li>\n<li>Beurre de karit\u00e9 bio<\/li>\n<li>Huile de ricin bio<\/li>\n<li>Hydroxyde de sodium (enti\u00e8rement transform\u00e9 lors de la r\u00e9action de saponification)<\/li>\n<li>Eau<\/li>\n<li>Huile essentielle de lits\u00e9e citronn\u00e9e bio<\/li>\n<li>Huile essentielle de pin sylvestre bio<\/li>\n<li>Argile verte<\/li>\n<li>Charbon v\u00e9g\u00e9tal activ\u00e9<\/li>\n<li>Mica \u00e9meraude (colorant min\u00e9ral)<\/li>\n<li>Tocopherol (antioxydant d&rsquo;origine naturelle)<\/li>\n<\/ul>\n<p><b>INCI<\/b>\u00a0:\u00a0AQUA, SODIUM COCOATE, SODIUM OLIVATE, SODIUM SHEA BUTTERATE, SODIUM RAPESEEDATE, GLYCERIN, SODIUM CASTORATE, LITSEA CUBEBA FRUIT OIL, MONTMORILLONITE, PINUS SYLVESTRIS OIL, CHARCOAL POWDER, MICA, CI 77891, TIN OXIDE, CI 77288, TOCOPHEROL, HELIANTHUS ANNUUS SEED OIL, CITRAL* , CITRONELLOL* , GERANIOL* , LIMONENE* , LINALOOL* , PINENE*<\/p>\n<p>*Allerg\u00e8nes pr\u00e9sents naturellement dans les huiles essentielles<\/p>\n<p><b>Formats et emballage<\/b><\/p>\n<ul>\n<li><strong>Formats<\/strong> : Grand format (~100 g) \/ Petit format (~35 g)<\/li>\n<li><strong>Avec emballage<\/strong> : \u00e9tui carton recyclable<\/li>\n<\/ul>\n","protected":false},"excerpt":{"rendered":"<p>Savon saponifi\u00e9 \u00e0 froid enrichi en argile verte et en charbon v\u00e9g\u00e9tal activ\u00e9. Ces ingr\u00e9dients sont incorpor\u00e9s pour apporter une texture agr\u00e9able et une couleur naturelle. Le parfum frais, aux notes bois\u00e9es et citronn\u00e9es, est obtenu gr\u00e2ce aux huiles essentielles de pin sylvestre et de lits\u00e9e citronn\u00e9e (aussi appel\u00e9e verveine exotique). Sa mousse l\u00e9g\u00e8re offre un nettoyage en douceur au quotidien.<\/p>\n<p>Convient aux peaux mixtes \u00e0 grasses ou aux personnes recherchant un savon rafraichissant apr\u00e8s le sport.<\/p>\n","protected":false},"featured_media":1897,"template":"","meta":[],"product_brand":[],"product_cat":[20],"product_tag":[],"class_list":{"0":"post-2021","1":"product","2":"type-product","3":"status-publish","4":"has-post-thumbnail","6":"product_cat-savon","7":"product_shipping_class-one","9":"first","10":"instock","11":"shipping-taxable","12":"purchasable","13":"product-type-variable"},"jetpack_sharing_enabled":true,"_links":{"self":[{"href":"https:\/\/poem-savonnerie.fr\/index.php\/wp-json\/wp\/v2\/product\/2021","targetHints":{"allow":["GET"]}}],"collection":[{"href":"https:\/\/poem-savonnerie.fr\/index.php\/wp-json\/wp\/v2\/product"}],"about":[{"href":"https:\/\/poem-savonnerie.fr\/index.php\/wp-json\/wp\/v2\/types\/product"}],"version-history":[{"count":3,"href":"https:\/\/poem-savonnerie.fr\/index.php\/wp-json\/wp\/v2\/product\/2021\/revisions"}],"predecessor-version":[{"id":2164,"href":"https:\/\/poem-savonnerie.fr\/index.php\/wp-json\/wp\/v2\/product\/2021\/revisions\/2164"}],"wp:featuredmedia":[{"embeddable":true,"href":"https:\/\/poem-savonnerie.fr\/index.php\/wp-json\/wp\/v2\/media\/1897"}],"wp:attachment":[{"href":"https:\/\/poem-savonnerie.fr\/index.php\/wp-json\/wp\/v2\/media?parent=2021"}],"wp:term":[{"taxonomy":"product_brand","embeddable":true,"href":"https:\/\/poem-savonnerie.fr\/index.php\/wp-json\/wp\/v2\/product_brand?post=2021"},{"taxonomy":"product_cat","embeddable":true,"href":"https:\/\/poem-savonnerie.fr\/index.php\/wp-json\/wp\/v2\/product_cat?post=2021"},{"taxonomy":"product_tag","embeddable":true,"href":"https:\/\/poem-savonnerie.fr\/index.php\/wp-json\/wp\/v2\/product_tag?post=2021"}],"curies":[{"name":"wp","href":"https:\/\/api.w.org\/{rel}","templated":true}]}}