{"id":2027,"date":"2025-11-19T21:04:09","date_gmt":"2025-11-19T20:04:09","guid":{"rendered":"https:\/\/poem-savonnerie.fr\/?post_type=product&#038;p=2027"},"modified":"2026-04-18T08:41:25","modified_gmt":"2026-04-18T06:41:25","slug":"savon-ocean","status":"publish","type":"product","link":"https:\/\/poem-savonnerie.fr\/index.php\/produit\/savon-ocean\/","title":{"rendered":"Savon Oc\u00e9an"},"content":{"rendered":"<h2>Savon Oc\u00e9an &#8211; Vagues fra\u00eeches et parfum\u00e9es<\/h2>\n<h3><b>Savon artisanal surgras au parfum subtil<\/b><\/h3>\n<p><b>Description<\/b><\/p>\n<p data-start=\"316\" data-end=\"602\">Savon saponifi\u00e9 \u00e0 froid \u00e0 la texture cr\u00e9meuse et au parfum subtil. Sa base v\u00e9g\u00e9tale et ses huiles soigneusement s\u00e9lectionn\u00e9es permettent un nettoyage en douceur. Des pigments min\u00e9raux naturels lui donnent une teinte marbr\u00e9e \u00e9voquant les nuances marines.<\/p>\n<p data-start=\"316\" data-end=\"602\">Convient aux peaux normales \u00e0 s\u00e8ches. Convient \u00e0 un usage quotidien.<\/p>\n<p><b>Conseils &amp; Conservation<\/b><\/p>\n<ul>\n<li>Avant usage : conserver \u00e0 l&rsquo;abri de la lumi\u00e8re et de l&rsquo;humidit\u00e9.<\/li>\n<li>Apr\u00e8s usage : faire s\u00e9cher sur un porte-savon adapt\u00e9<\/li>\n<li>Eviter de laisser le savon dans l&rsquo;eau stagnante<\/li>\n<\/ul>\n<p><b>Pr\u00e9cautions d&#8217;emploi<\/b><\/p>\n<ul>\n<li>Utiliser pour vous laver le corps. Usage externe uniquement<\/li>\n<li>Ne pas avaler<\/li>\n<li>En cas d\u2019irritation, suspendre l\u2019utilisation<\/li>\n<li>\u00c9viter le contact avec les yeux<\/li>\n<li>Tenir hors de la port\u00e9e des enfants<\/li>\n<\/ul>\n<p><b>Instructions<\/b><\/p>\n<p>Faire mousser sur peau humide puis rincer \u00e0 l\u2019eau claire. Convient pour un usage quotidien.<\/p>\n<p><b>Fabrication artisanale<\/b><\/p>\n<p>Chaque savon est fabriqu\u00e9 \u00e0 la main. Les formes, les marbrures et couleurs peuvent varier l\u00e9g\u00e8rement d&rsquo;un lot \u00e0 l&rsquo;autre.<\/p>\n<h3><strong>INGREDIENTS<\/strong><\/h3>\n<p><b>Composition avant saponification <\/b>:<\/p>\n<ul>\n<li>Huile de coco bio<\/li>\n<li>Huile d\u2019olive bio<\/li>\n<li>Huile de colza bio<\/li>\n<li>Beurre de karit\u00e9 bio<\/li>\n<li>Huile de ricin bio<\/li>\n<li>Hydroxyde de sodium (enti\u00e8rement transform\u00e9 lors de la r\u00e9action de saponification)<\/li>\n<li>Eau<\/li>\n<li>Parfum<\/li>\n<li>Micas blanc arctique, bleu glac\u00e9 et bouton d&rsquo;or (colorants min\u00e9raux)<\/li>\n<li>Tocopherol (antioxydant d&rsquo;origine naturelle)<\/li>\n<\/ul>\n<p><b>INCI<\/b>\u00a0:\u00a0AQUA, SODIUM COCOATE, SODIUM OLIVATE, SODIUM SHEA BUTTERATE, SODIUM RAPESEEDATE, GLYCERIN, SODIUM CASTORATE, PARFUM, MICA, CI 77891, CI 77007, TIN OXIDE, CI 77492, TOCOPHEROL, HELIANTHUS ANNUUS SEED OIL, EUGENYL ACETATE*, LINALYL ACETATE*, AMYL SALICYLATE*, LIMONENE* , COUMARIN*<\/p>\n<p>*Allerg\u00e8nes pr\u00e9sents dans le parfum<\/p>\n<p><b>Formats et emballage<\/b><\/p>\n<ul>\n<li><strong>Formats<\/strong> : Grand format (~100 g) \/ Petit format (~35 g)<\/li>\n<li><strong>Avec emballage<\/strong> : \u00e9tui carton recyclable<\/li>\n<\/ul>\n","protected":false},"excerpt":{"rendered":"<p>Savon saponifi\u00e9 \u00e0 froid, doux et cr\u00e9meux, au parfum subtil et enveloppant. Son marbrage aux teintes bleut\u00e9es rappelle les mouvements de l\u2019eau, tandis que sa base v\u00e9g\u00e9tale nettoie la peau en douceur. Id\u00e9al pour les peaux normales \u00e0 s\u00e8ches.<\/p>\n","protected":false},"featured_media":1896,"template":"","meta":[],"product_brand":[],"product_cat":[20],"product_tag":[],"class_list":{"0":"post-2027","1":"product","2":"type-product","3":"status-publish","4":"has-post-thumbnail","6":"product_cat-savon","7":"product_shipping_class-one","9":"first","10":"instock","11":"shipping-taxable","12":"purchasable","13":"product-type-variable"},"jetpack_sharing_enabled":true,"_links":{"self":[{"href":"https:\/\/poem-savonnerie.fr\/index.php\/wp-json\/wp\/v2\/product\/2027","targetHints":{"allow":["GET"]}}],"collection":[{"href":"https:\/\/poem-savonnerie.fr\/index.php\/wp-json\/wp\/v2\/product"}],"about":[{"href":"https:\/\/poem-savonnerie.fr\/index.php\/wp-json\/wp\/v2\/types\/product"}],"version-history":[{"count":3,"href":"https:\/\/poem-savonnerie.fr\/index.php\/wp-json\/wp\/v2\/product\/2027\/revisions"}],"predecessor-version":[{"id":2163,"href":"https:\/\/poem-savonnerie.fr\/index.php\/wp-json\/wp\/v2\/product\/2027\/revisions\/2163"}],"wp:featuredmedia":[{"embeddable":true,"href":"https:\/\/poem-savonnerie.fr\/index.php\/wp-json\/wp\/v2\/media\/1896"}],"wp:attachment":[{"href":"https:\/\/poem-savonnerie.fr\/index.php\/wp-json\/wp\/v2\/media?parent=2027"}],"wp:term":[{"taxonomy":"product_brand","embeddable":true,"href":"https:\/\/poem-savonnerie.fr\/index.php\/wp-json\/wp\/v2\/product_brand?post=2027"},{"taxonomy":"product_cat","embeddable":true,"href":"https:\/\/poem-savonnerie.fr\/index.php\/wp-json\/wp\/v2\/product_cat?post=2027"},{"taxonomy":"product_tag","embeddable":true,"href":"https:\/\/poem-savonnerie.fr\/index.php\/wp-json\/wp\/v2\/product_tag?post=2027"}],"curies":[{"name":"wp","href":"https:\/\/api.w.org\/{rel}","templated":true}]}}