{"id":2119,"date":"2026-01-25T14:12:47","date_gmt":"2026-01-25T13:12:47","guid":{"rendered":"https:\/\/poem-savonnerie.fr\/?post_type=product&#038;p=2119"},"modified":"2026-03-23T15:53:47","modified_gmt":"2026-03-23T14:53:47","slug":"coffrets2026","status":"publish","type":"product","link":"https:\/\/poem-savonnerie.fr\/index.php\/produit\/coffrets2026\/","title":{"rendered":"Coffret 3 petits savons"},"content":{"rendered":"<p>Coffret compos\u00e9 de 3 savons :<\/p>\n<ul>\n<li>1 savon Oc\u00e9an<\/li>\n<li>1 savon For\u00eat<\/li>\n<li>1 savon Avoine<\/li>\n<\/ul>\n<h1>Savon Oc\u00e9an<\/h1>\n<p>Savon saponifi\u00e9 \u00e0 froid \u00e0 la texture cr\u00e9meuse et au parfum subtil. Sa base v\u00e9g\u00e9tale et ses huiles soigneusement s\u00e9lectionn\u00e9es permettent un nettoyage en douceur. Des pigments min\u00e9raux naturels lui donnent une teinte marbr\u00e9e \u00e9voquant les nuances marines. Convient aux peaux normales \u00e0 s\u00e8ches.<\/p>\n<p><span style=\"font-weight: normal;\"><strong>Composition avant saponification\u00a0:<\/strong> Eau, Huile de coco bio, Huile d\u2019olive bio, Huile de colza bio, Beurre de karit\u00e9 bio, Huile de ricin bio, Hydroxyde de sodium (enti\u00e8rement transform\u00e9 lors de la r\u00e9action de saponification), Parfum, Mica blanc arctique, bleu glac\u00e9 et bouton d&rsquo;or (colorants min\u00e9raux), Tocopherol (antioxydant d&rsquo;origine naturelle)<\/span><\/p>\n<p><span style=\"font-weight: normal;\"><strong>INCI\u00a0:<\/strong>\u00a0AQUA, SODIUM COCOATE, SODIUM OLIVATE, SODIUM SHEA BUTTERATE, SODIUM RAPESEEDATE, GLYCERIN, SODIUM CASTORATE, PARFUM, MICA, CI 77891, CI 77007, TIN OXIDE, CI 77492, TOCOPHEROL, HELIANTHUS ANNUUS SEED OIL, EUGENYL ACETATE*, LINALYL ACETATE*, AMYL SALICYLATE*, LIMONENE* , COUMARIN*<\/span><\/p>\n<h4><span style=\"font-weight: normal;\">*Allerg\u00e8nes pr\u00e9sents dans le parfum<\/span><\/h4>\n<h1>Savon For\u00eat<\/h1>\n<p>Savon saponifi\u00e9 \u00e0 froid enrichi en argile verte et en charbon v\u00e9g\u00e9tal activ\u00e9. Ces ingr\u00e9dients sont incorpor\u00e9s pour apporter une texture agr\u00e9able et une couleur naturelle. Le parfum frais, aux notes bois\u00e9es et citronn\u00e9es, est obtenu gr\u00e2ce aux huiles essentielles de pin sylvestre et de lits\u00e9e citronn\u00e9e (aussi appell\u00e9e verveine exotique). Sa mousse l\u00e9g\u00e8re offre un nettoyage en douceur au quotidien. Convient aux peaux mixtes \u00e0 grasses ou aux personnes recherchant un savon rafraichissant apr\u00e8s le sport.<\/p>\n<p><span style=\"font-weight: normal;\"><strong>Composition avant saponification\u00a0:<\/strong> Eau, Huile de coco bio, Huile d\u2019olive bio, Huile de colza bio, Beurre de karit\u00e9 bio, Huile de ricin bio, Hydroxyde de sodium (enti\u00e8rement transform\u00e9 lors de la r\u00e9action de saponification), Tocopherol (antioxydant d&rsquo;origine naturelle), Huile essentielle de lits\u00e9e citronn\u00e9e bio, Huile essentielle de pin sylvestre bio, Argile verte, Charbon v\u00e9g\u00e9tal activ\u00e9, Mica \u00e9meraude et blanc arctique (colorants min\u00e9raux), Tocopherol (antioxydant d&rsquo;origine naturelle) <\/span><\/p>\n<p><span style=\"font-weight: normal;\"><strong>INCI\u00a0<\/strong>: AQUA, SODIUM COCOATE, SODIUM OLIVATE, SODIUM SHEA BUTTERATE, SODIUM RAPESEEDATE, GLYCERIN, SODIUM CASTORATE, LITSEA CUBEBA FRUIT OIL, MONTMORILLONITE, PINUS SYLVESTRIS OIL, CHARCOAL POWDER, MICA, CI 77891, TIN OXIDE, CI 77288, TOCOPHEROL, HELIANTHUS ANNUUS SEED OIL, CITRAL* , CITRONELLOL* , GERANIOL* , LIMONENE* , LINALOOL* , PINENE*<\/span><\/p>\n<p><span style=\"font-weight: normal;\">*Allerg\u00e8nes pr\u00e9sents naturellement dans les huiles essentielles<\/span><\/p>\n<h1>\u00a0Savon Avoine<\/h1>\n<p>Savon saponifi\u00e9 \u00e0 froid, enrichi en poudre d\u2019avoine finement moulue. Sa mousse douce nettoie d\u00e9licatement la peau. Sans parfum ajout\u00e9, il convient aux adultes, enfants et b\u00e9b\u00e9s d\u00e8s la naissance, ainsi qu&rsquo;aux femmes enceintes et allaitantes.<\/p>\n<p><span style=\"font-weight: normal;\"><strong>Composition avant saponification\u00a0:<\/strong> Eau, Huile de coco bio, Huile d\u2019olive bio, Huile de colza bio, Beurre de karit\u00e9 bio, Huile de ricin bio, Poudre d&rsquo;avoine, Hydroxyde de sodium (enti\u00e8rement transform\u00e9 lors de la r\u00e9action de saponification), Tocopherol (antioxydant d&rsquo;origine naturelle)<\/span><\/p>\n<p><span style=\"font-weight: normal;\"><strong>INCI\u00a0:<\/strong> AQUA, SODIUM COCOATE, SODIUM OLIVATE, SODIUM SHEA BUTTERATE, SODIUM RAPESEEDATE, GLYCERIN, SODIUM CASTORATE, AVENA SATIVA KERNEL FLOUR, TOCOPHEROL, HELIANTHUS ANNUUS SEED OIL<\/span><\/p>\n<p>&nbsp;<\/p>\n<p style=\"font-weight: 400;\"><strong>Conseils &amp; Conservation<\/strong><\/p>\n<ul style=\"font-weight: 400;\">\n<li>Avant usage : conserver \u00e0 l&rsquo;abri de la lumi\u00e8re et de l&rsquo;humidit\u00e9.<\/li>\n<li>Apr\u00e8s usage : faire s\u00e9cher sur un porte-savon adapt\u00e9<\/li>\n<li>Eviter de laisser le savon dans l&rsquo;eau stagnante<\/li>\n<\/ul>\n<p style=\"font-weight: 400;\"><strong>Pr\u00e9cautions d&#8217;emploi<\/strong><\/p>\n<ul style=\"font-weight: 400;\">\n<li>Utiliser pour vous laver le corps. Usage externe uniquement<\/li>\n<li>Ne pas avaler<\/li>\n<li>En cas d\u2019irritation, suspendre l\u2019utilisation<\/li>\n<li>\u00c9viter le contact avec les yeux<\/li>\n<li>Tenir hors de la port\u00e9e des enfants<\/li>\n<\/ul>\n<p style=\"font-weight: 400;\"><strong>Instructions<\/strong><\/p>\n<p style=\"font-weight: 400;\">Faire mousser sur peau humide puis rincer \u00e0 l\u2019eau claire. Convient pour un usage quotidien.<\/p>\n<p style=\"font-weight: 400;\"><strong>Fabrication artisanale<\/strong><\/p>\n<p style=\"font-weight: 400;\">Chaque savon est fabriqu\u00e9 \u00e0 la main. Les formes, les marbrures et couleurs peuvent varier l\u00e9g\u00e8rement d&rsquo;un lot \u00e0 l&rsquo;autre.<\/p>\n<h3><strong>INGREDIENTS<\/strong><\/h3>\n<p style=\"font-weight: 400;\"><strong>Formats et emballage<\/strong><\/p>\n<ul>\n<li style=\"font-weight: 400;\">Coffret de 3 petits savons\u00a0: 3 x 35 g<\/li>\n<li style=\"font-weight: 400;\">Les coffrets sont en carton et papier recyclable<\/li>\n<\/ul>\n","protected":false},"excerpt":{"rendered":"<p>D\u00e9couvrez les 3 savons PO\u00cbM en petits formats<\/p>\n<ul>\n<li>Coffret de 3 petits savons : 3 x 35 g<\/li>\n<\/ul>\n<p>Les coffrets sont compos\u00e9s de 3 savons diff\u00e9rents :<\/p>\n<ul>\n<li>1 savon Oc\u00e9an<\/li>\n<li>1 savon For\u00eat<\/li>\n<li>1 savon Avoine<\/li>\n<\/ul>\n","protected":false},"featured_media":2142,"template":"","meta":[],"product_brand":[],"product_cat":[20],"product_tag":[],"class_list":{"0":"post-2119","1":"product","2":"type-product","3":"status-publish","4":"has-post-thumbnail","6":"product_cat-savon","7":"product_shipping_class-pack","9":"first","10":"instock","11":"shipping-taxable","12":"purchasable","13":"product-type-simple"},"jetpack_sharing_enabled":true,"_links":{"self":[{"href":"https:\/\/poem-savonnerie.fr\/index.php\/wp-json\/wp\/v2\/product\/2119","targetHints":{"allow":["GET"]}}],"collection":[{"href":"https:\/\/poem-savonnerie.fr\/index.php\/wp-json\/wp\/v2\/product"}],"about":[{"href":"https:\/\/poem-savonnerie.fr\/index.php\/wp-json\/wp\/v2\/types\/product"}],"version-history":[{"count":7,"href":"https:\/\/poem-savonnerie.fr\/index.php\/wp-json\/wp\/v2\/product\/2119\/revisions"}],"predecessor-version":[{"id":2165,"href":"https:\/\/poem-savonnerie.fr\/index.php\/wp-json\/wp\/v2\/product\/2119\/revisions\/2165"}],"wp:featuredmedia":[{"embeddable":true,"href":"https:\/\/poem-savonnerie.fr\/index.php\/wp-json\/wp\/v2\/media\/2142"}],"wp:attachment":[{"href":"https:\/\/poem-savonnerie.fr\/index.php\/wp-json\/wp\/v2\/media?parent=2119"}],"wp:term":[{"taxonomy":"product_brand","embeddable":true,"href":"https:\/\/poem-savonnerie.fr\/index.php\/wp-json\/wp\/v2\/product_brand?post=2119"},{"taxonomy":"product_cat","embeddable":true,"href":"https:\/\/poem-savonnerie.fr\/index.php\/wp-json\/wp\/v2\/product_cat?post=2119"},{"taxonomy":"product_tag","embeddable":true,"href":"https:\/\/poem-savonnerie.fr\/index.php\/wp-json\/wp\/v2\/product_tag?post=2119"}],"curies":[{"name":"wp","href":"https:\/\/api.w.org\/{rel}","templated":true}]}}