{"id":93,"date":"2021-07-18T10:40:16","date_gmt":"2021-07-18T08:40:16","guid":{"rendered":"https:\/\/demo.athemes.com\/botiga\/?post_type=product&#038;p=93"},"modified":"2026-03-03T07:24:24","modified_gmt":"2026-03-03T06:24:24","slug":"porte_savon","status":"publish","type":"product","link":"https:\/\/poem-savonnerie.fr\/index.php\/produit\/porte_savon\/","title":{"rendered":"Porte-savon magn\u00e9tique"},"content":{"rendered":"<p>Le porte-savon magn\u00e9tique est tr\u00e8s pratique d&rsquo;utilisation. Il peut \u00eatre d\u00e9plac\u00e9 tr\u00e8s facilement et \u00eatre emport\u00e9 partout. Il maintient le savon en suspension, au sec. Il permet au savon de bien s\u00e9cher entre 2 utilisations et prolonge sa dur\u00e9e de vie.<\/p>\n<p>Le porte-savon magn\u00e9tique est compos\u00e9 de :<\/p>\n<ul>\n<li>une ventouse (40mm) : la ventouse assure l&rsquo;adh\u00e9rence sur toutes les surfaces lisses de votre salle de bain ou \u00e9vier. Un aimant puissant maintient fermement le savon.<\/li>\n<li>une capsule (24mm) : la capsule aimant\u00e9e de notre porte-savon est en acier inoxydable et ne rouille pas.<\/li>\n<\/ul>\n<p>L&rsquo;assemblage est simple et rapide, vous pouvez l&rsquo;installer en quelques secondes.<\/p>\n<p>L&rsquo;ensemble ventouse+capsule est fourni en vrac, sans emballage.<\/p>\n","protected":false},"excerpt":{"rendered":"<p>Ce porte-savon magn\u00e9tique pratique et esth\u00e9tique se fixe gr\u00e2ce \u00e0 sa ventouse aimant\u00e9e sur n&rsquo;importe quelle paroi (lisse, s\u00e8che et sans asp\u00e9rit\u00e9). Il garde le savon en suspension et ainsi prolonge sa dur\u00e9e de vie.<\/p>\n<p>&nbsp;<\/p>\n","protected":false},"featured_media":1973,"template":"","meta":[],"product_brand":[],"product_cat":[26],"product_tag":[],"class_list":{"0":"post-93","1":"product","2":"type-product","3":"status-publish","4":"has-post-thumbnail","6":"product_cat-accessoire","7":"product_shipping_class-one","9":"first","10":"instock","11":"shipping-taxable","12":"purchasable","13":"product-type-simple"},"jetpack_sharing_enabled":true,"_links":{"self":[{"href":"https:\/\/poem-savonnerie.fr\/index.php\/wp-json\/wp\/v2\/product\/93","targetHints":{"allow":["GET"]}}],"collection":[{"href":"https:\/\/poem-savonnerie.fr\/index.php\/wp-json\/wp\/v2\/product"}],"about":[{"href":"https:\/\/poem-savonnerie.fr\/index.php\/wp-json\/wp\/v2\/types\/product"}],"version-history":[{"count":2,"href":"https:\/\/poem-savonnerie.fr\/index.php\/wp-json\/wp\/v2\/product\/93\/revisions"}],"predecessor-version":[{"id":1977,"href":"https:\/\/poem-savonnerie.fr\/index.php\/wp-json\/wp\/v2\/product\/93\/revisions\/1977"}],"wp:featuredmedia":[{"embeddable":true,"href":"https:\/\/poem-savonnerie.fr\/index.php\/wp-json\/wp\/v2\/media\/1973"}],"wp:attachment":[{"href":"https:\/\/poem-savonnerie.fr\/index.php\/wp-json\/wp\/v2\/media?parent=93"}],"wp:term":[{"taxonomy":"product_brand","embeddable":true,"href":"https:\/\/poem-savonnerie.fr\/index.php\/wp-json\/wp\/v2\/product_brand?post=93"},{"taxonomy":"product_cat","embeddable":true,"href":"https:\/\/poem-savonnerie.fr\/index.php\/wp-json\/wp\/v2\/product_cat?post=93"},{"taxonomy":"product_tag","embeddable":true,"href":"https:\/\/poem-savonnerie.fr\/index.php\/wp-json\/wp\/v2\/product_tag?post=93"}],"curies":[{"name":"wp","href":"https:\/\/api.w.org\/{rel}","templated":true}]}}